{"id":1228,"date":"2022-04-25T18:16:55","date_gmt":"2022-04-25T18:16:55","guid":{"rendered":"http:\/\/pontzalaegerszeg.xyz\/?page_id=1228"},"modified":"2025-05-19T18:43:19","modified_gmt":"2025-05-19T18:43:19","slug":"foglalas","status":"publish","type":"page","link":"https:\/\/pontzalaegerszeg.com\/?page_id=1228","title":{"rendered":"Foglal\u00e1s"},"content":{"rendered":"\t\t<div data-elementor-type=\"wp-page\" data-elementor-id=\"1228\" class=\"elementor elementor-1228\">\n\t\t\t\t\t\t<section class=\"elementor-section elementor-top-section elementor-element elementor-element-3a570ad elementor-section-boxed elementor-section-height-default elementor-section-height-default\" data-id=\"3a570ad\" data-element_type=\"section\" data-settings=\"{&quot;background_background&quot;:&quot;classic&quot;}\">\n\t\t\t\t\t\t<div class=\"elementor-container elementor-column-gap-default\">\n\t\t\t\t\t<div class=\"elementor-column elementor-col-100 elementor-top-column elementor-element elementor-element-b9bd9d5\" data-id=\"b9bd9d5\" data-element_type=\"column\">\n\t\t\t<div class=\"elementor-widget-wrap elementor-element-populated\">\n\t\t\t\t\t\t<div class=\"elementor-element elementor-element-bf6238e elementor-widget elementor-widget-heading\" data-id=\"bf6238e\" data-element_type=\"widget\" data-widget_type=\"heading.default\">\n\t\t\t\t<div class=\"elementor-widget-container\">\n\t\t\t\t\t<h2 class=\"elementor-heading-title elementor-size-default\">Foglalj PONT. most! V\u00e1gj bele!<\/h2>\t\t\t\t<\/div>\n\t\t\t\t<\/div>\n\t\t\t\t<div class=\"elementor-element elementor-element-524d459 elementor-widget elementor-widget-heading\" data-id=\"524d459\" data-element_type=\"widget\" data-widget_type=\"heading.default\">\n\t\t\t\t<div class=\"elementor-widget-container\">\n\t\t\t\t\t<h2 class=\"elementor-heading-title elementor-size-default\">V\u00e1laszd ki a sz\u00e1modra legmegfelel\u0151bbet!<\/h2>\t\t\t\t<\/div>\n\t\t\t\t<\/div>\n\t\t\t\t\t<\/div>\n\t\t<\/div>\n\t\t\t\t\t<\/div>\n\t\t<\/section>\n\t\t\t\t<section class=\"elementor-section elementor-top-section elementor-element elementor-element-6921d8c elementor-section-boxed elementor-section-height-default elementor-section-height-default\" data-id=\"6921d8c\" data-element_type=\"section\">\n\t\t\t\t\t\t<div class=\"elementor-container elementor-column-gap-default\">\n\t\t\t\t\t<div class=\"elementor-column elementor-col-100 elementor-top-column elementor-element elementor-element-424d10f\" data-id=\"424d10f\" data-element_type=\"column\">\n\t\t\t<div class=\"elementor-widget-wrap elementor-element-populated\">\n\t\t\t\t\t\t<div class=\"elementor-element elementor-element-f42f58f elementor-widget elementor-widget-spacer\" data-id=\"f42f58f\" data-element_type=\"widget\" data-widget_type=\"spacer.default\">\n\t\t\t\t<div class=\"elementor-widget-container\">\n\t\t\t\t\t\t\t<div class=\"elementor-spacer\">\n\t\t\t<div class=\"elementor-spacer-inner\"><\/div>\n\t\t<\/div>\n\t\t\t\t\t\t<\/div>\n\t\t\t\t<\/div>\n\t\t\t\t<div class=\"elementor-element elementor-element-c6002a6 elementor-view-default elementor-widget elementor-widget-icon\" data-id=\"c6002a6\" data-element_type=\"widget\" data-widget_type=\"icon.default\">\n\t\t\t\t<div class=\"elementor-widget-container\">\n\t\t\t\t\t\t\t<div class=\"elementor-icon-wrapper\">\n\t\t\t<a class=\"elementor-icon\" href=\"https:\/\/www.planyo.com\/booking.php?mode=reserve&#038;calendar=61663&#038;resource_id=206676\">\n\t\t\t<i aria-hidden=\"true\" class=\"fas fa-user\"><\/i>\t\t\t<\/a>\n\t\t<\/div>\n\t\t\t\t\t\t<\/div>\n\t\t\t\t<\/div>\n\t\t\t\t<div class=\"elementor-element elementor-element-23b3d5a elementor-widget elementor-widget-text-editor\" data-id=\"23b3d5a\" data-element_type=\"widget\" data-widget_type=\"text-editor.default\">\n\t\t\t\t<div class=\"elementor-widget-container\">\n\t\t\t\t\t\t\t\t\t<p>Foglalj egy\u00e9ni asztalt egyszer\u0171en! V\u00e1laszd ki, h\u00e1ny \u00f3r\u00e1t dolgozn\u00e1l az irod\u00e1ban, jel\u00f6ld be a neked megfelel\u0151 id\u0151pontot \u00e9s fizess egyszer\u0171en SimplePay-el!<\/p><p>Munka\u00e1llom\u00e1s \u00f3rad\u00edj: brutt\u00f3 1.750,- Ft\/\u00f3ra<\/p>\t\t\t\t\t\t\t\t<\/div>\n\t\t\t\t<\/div>\n\t\t\t\t<div class=\"elementor-element elementor-element-ac07c56 elementor-align-center elementor-widget elementor-widget-button\" data-id=\"ac07c56\" data-element_type=\"widget\" data-widget_type=\"button.default\">\n\t\t\t\t<div class=\"elementor-widget-container\">\n\t\t\t\t\t\t\t\t\t<div class=\"elementor-button-wrapper\">\n\t\t\t\t\t<a class=\"elementor-button elementor-button-link elementor-size-sm\" href=\"https:\/\/pontworkingspaces.salonic.hu\/\">\n\t\t\t\t\t\t<span class=\"elementor-button-content-wrapper\">\n\t\t\t\t\t\t\t\t\t<span class=\"elementor-button-text\">Szabad hely foglal\u00e1sa<\/span>\n\t\t\t\t\t<\/span>\n\t\t\t\t\t<\/a>\n\t\t\t\t<\/div>\n\t\t\t\t\t\t\t\t<\/div>\n\t\t\t\t<\/div>\n\t\t\t\t<div class=\"elementor-element elementor-element-1d12db0 elementor-widget elementor-widget-spacer\" data-id=\"1d12db0\" data-element_type=\"widget\" data-widget_type=\"spacer.default\">\n\t\t\t\t<div class=\"elementor-widget-container\">\n\t\t\t\t\t\t\t<div class=\"elementor-spacer\">\n\t\t\t<div class=\"elementor-spacer-inner\"><\/div>\n\t\t<\/div>\n\t\t\t\t\t\t<\/div>\n\t\t\t\t<\/div>\n\t\t\t\t\t<\/div>\n\t\t<\/div>\n\t\t\t\t\t<\/div>\n\t\t<\/section>\n\t\t\t\t<section class=\"elementor-section elementor-top-section elementor-element elementor-element-571b6d6 elementor-section-boxed elementor-section-height-default elementor-section-height-default\" data-id=\"571b6d6\" data-element_type=\"section\">\n\t\t\t\t\t\t<div class=\"elementor-container elementor-column-gap-default\">\n\t\t\t\t\t<div class=\"elementor-column elementor-col-100 elementor-top-column elementor-element elementor-element-77face6\" data-id=\"77face6\" data-element_type=\"column\">\n\t\t\t<div class=\"elementor-widget-wrap elementor-element-populated\">\n\t\t\t\t\t\t<div class=\"elementor-element elementor-element-a3b02e4 elementor-view-default elementor-position-top elementor-mobile-position-top elementor-invisible elementor-widget elementor-widget-icon-box\" data-id=\"a3b02e4\" data-element_type=\"widget\" data-settings=\"{&quot;_animation&quot;:&quot;fadeInUp&quot;}\" data-widget_type=\"icon-box.default\">\n\t\t\t\t<div class=\"elementor-widget-container\">\n\t\t\t\t\t\t\t<div class=\"elementor-icon-box-wrapper\">\n\n\t\t\t\t\t\t<div class=\"elementor-icon-box-icon\">\n\t\t\t\t<span  class=\"elementor-icon\">\n\t\t\t\t<i aria-hidden=\"true\" class=\"fas fa-users\"><\/i>\t\t\t\t<\/span>\n\t\t\t<\/div>\n\t\t\t\n\t\t\t\t\t\t<div class=\"elementor-icon-box-content\">\n\n\t\t\t\t\t\t\t\t\t<h6 class=\"elementor-icon-box-title\">\n\t\t\t\t\t\t<span  >\n\t\t\t\t\t\t\tRendezv\u00e9nyt\/workshopot tartan\u00e1l irod\u00e1nkban? Foglald le egyszer\u0171en ak\u00e1r eg\u00e9sz napra!\t\t\t\t\t\t<\/span>\n\t\t\t\t\t<\/h6>\n\t\t\t\t\n\t\t\t\t\t\t\t\t\t<p class=\"elementor-icon-box-description\">\n\t\t\t\t\t\tEgy\u00e9ni, eg\u00e9sz napos foglal\u00e1sra telefonos egyeztet\u00e9s alapj\u00e1n van lehet\u0151s\u00e9g! K\u00e9rj\u00fck, hogy sz\u00e1nd\u00e9kod minimum 2 h\u00e9ttel el\u0151re jelezd!<br><br><b>Teremb\u00e9rl\u00e9s \u00e1ra: brutt\u00f3 5.500 Ft\/\u00f3ra vagy brutt\u00f3 35.000 Ft\/nap<\/b>\n<br><b>+36 30 300 4333<\/b>\t\t\t\t\t<\/p>\n\t\t\t\t\n\t\t\t<\/div>\n\t\t\t\n\t\t<\/div>\n\t\t\t\t\t\t<\/div>\n\t\t\t\t<\/div>\n\t\t\t\t\t<\/div>\n\t\t<\/div>\n\t\t\t\t\t<\/div>\n\t\t<\/section>\n\t\t\t\t<\/div>\n\t\t","protected":false},"excerpt":{"rendered":"<p>Foglalj PONT. most! V\u00e1gj bele! V\u00e1laszd ki a sz\u00e1modra legmegfelel\u0151bbet! Foglalj egy\u00e9ni asztalt egyszer\u0171en! V\u00e1laszd ki, h\u00e1ny \u00f3r\u00e1t dolgozn\u00e1l az irod\u00e1ban, jel\u00f6ld be a neked megfelel\u0151 id\u0151pontot \u00e9s fizess egyszer\u0171en SimplePay-el! Munka\u00e1llom\u00e1s \u00f3rad\u00edj: brutt\u00f3 1.750,- Ft\/\u00f3ra Szabad hely foglal\u00e1sa Rendezv\u00e9nyt\/workshopot tartan\u00e1l irod\u00e1nkban? Foglald le egyszer\u0171en ak\u00e1r eg\u00e9sz napra! Egy\u00e9ni, eg\u00e9sz napos foglal\u00e1sra telefonos egyeztet\u00e9s alapj\u00e1n [&hellip;]<\/p>\n","protected":false},"author":1,"featured_media":0,"parent":0,"menu_order":0,"comment_status":"closed","ping_status":"closed","template":"","meta":{"om_disable_all_campaigns":false,"_monsterinsights_skip_tracking":false,"_monsterinsights_sitenote_active":false,"_monsterinsights_sitenote_note":"","_monsterinsights_sitenote_category":0,"site-sidebar-layout":"no-sidebar","site-content-layout":"page-builder","ast-site-content-layout":"","site-content-style":"default","site-sidebar-style":"default","ast-global-header-display":"","ast-banner-title-visibility":"","ast-main-header-display":"","ast-hfb-above-header-display":"","ast-hfb-below-header-display":"","ast-hfb-mobile-header-display":"","site-post-title":"disabled","ast-breadcrumbs-content":"","ast-featured-img":"disabled","footer-sml-layout":"","theme-transparent-header-meta":"","adv-header-id-meta":"","stick-header-meta":"","header-above-stick-meta":"","header-main-stick-meta":"","header-below-stick-meta":"","astra-migrate-meta-layouts":"default","ast-page-background-enabled":"default","ast-page-background-meta":{"desktop":{"background-color":"","background-image":"","background-repeat":"repeat","background-position":"center center","background-size":"auto","background-attachment":"scroll","background-type":"","background-media":"","overlay-type":"","overlay-color":"","overlay-opacity":"","overlay-gradient":""},"tablet":{"background-color":"","background-image":"","background-repeat":"repeat","background-position":"center center","background-size":"auto","background-attachment":"scroll","background-type":"","background-media":"","overlay-type":"","overlay-color":"","overlay-opacity":"","overlay-gradient":""},"mobile":{"background-color":"","background-image":"","background-repeat":"repeat","background-position":"center center","background-size":"auto","background-attachment":"scroll","background-type":"","background-media":"","overlay-type":"","overlay-color":"","overlay-opacity":"","overlay-gradient":""}},"ast-content-background-meta":{"desktop":{"background-color":"var(--ast-global-color-5)","background-image":"","background-repeat":"repeat","background-position":"center center","background-size":"auto","background-attachment":"scroll","background-type":"","background-media":"","overlay-type":"","overlay-color":"","overlay-opacity":"","overlay-gradient":""},"tablet":{"background-color":"var(--ast-global-color-5)","background-image":"","background-repeat":"repeat","background-position":"center center","background-size":"auto","background-attachment":"scroll","background-type":"","background-media":"","overlay-type":"","overlay-color":"","overlay-opacity":"","overlay-gradient":""},"mobile":{"background-color":"var(--ast-global-color-5)","background-image":"","background-repeat":"repeat","background-position":"center center","background-size":"auto","background-attachment":"scroll","background-type":"","background-media":"","overlay-type":"","overlay-color":"","overlay-opacity":"","overlay-gradient":""}},"footnotes":""},"class_list":["post-1228","page","type-page","status-publish","hentry"],"aioseo_notices":[],"yoast_head":"<!-- This site is optimized with the Yoast SEO plugin v25.1 - https:\/\/yoast.com\/wordpress\/plugins\/seo\/ -->\n<title>Foglal\u00e1s - Coworking Zalaegerszeg - PONT.<\/title>\n<meta name=\"description\" content=\"Foglalj \u00e9s fizess online k\u00f6nnyed\u00e9n Zalaegerszeg legexkluz\u00edvabb coworking irod\u00e1j\u00e1ba. Csak v\u00e1laszd ki a megfelel\u0151 id\u0151pontot sz\u00e1modra, amikor szeretn\u00e9l j\u00f6nni!\" \/>\n<meta name=\"robots\" content=\"index, follow, max-snippet:-1, max-image-preview:large, max-video-preview:-1\" \/>\n<link rel=\"canonical\" href=\"https:\/\/pontzalaegerszeg.com\/?page_id=1228\" \/>\n<meta property=\"og:locale\" content=\"en_US\" \/>\n<meta property=\"og:type\" content=\"article\" \/>\n<meta property=\"og:title\" content=\"Foglal\u00e1s - Coworking Zalaegerszeg - PONT.\" \/>\n<meta property=\"og:description\" content=\"Foglalj \u00e9s fizess online k\u00f6nnyed\u00e9n Zalaegerszeg legexkluz\u00edvabb coworking irod\u00e1j\u00e1ba. Csak v\u00e1laszd ki a megfelel\u0151 id\u0151pontot sz\u00e1modra, amikor szeretn\u00e9l j\u00f6nni!\" \/>\n<meta property=\"og:url\" content=\"https:\/\/pontzalaegerszeg.com\/?page_id=1228\" \/>\n<meta property=\"og:site_name\" content=\"Coworking Zalaegerszeg - PONT.\" \/>\n<meta property=\"article:modified_time\" content=\"2025-05-19T18:43:19+00:00\" \/>\n<meta name=\"twitter:card\" content=\"summary_large_image\" \/>\n<meta name=\"twitter:label1\" content=\"Est. reading time\" \/>\n\t<meta name=\"twitter:data1\" content=\"1 minute\" \/>\n<script type=\"application\/ld+json\" class=\"yoast-schema-graph\">{\"@context\":\"https:\/\/schema.org\",\"@graph\":[{\"@type\":\"WebPage\",\"@id\":\"https:\/\/pontzalaegerszeg.com\/?page_id=1228\",\"url\":\"https:\/\/pontzalaegerszeg.com\/?page_id=1228\",\"name\":\"Foglal\u00e1s - Coworking Zalaegerszeg - PONT.\",\"isPartOf\":{\"@id\":\"https:\/\/pontzalaegerszeg.com\/#website\"},\"datePublished\":\"2022-04-25T18:16:55+00:00\",\"dateModified\":\"2025-05-19T18:43:19+00:00\",\"description\":\"Foglalj \u00e9s fizess online k\u00f6nnyed\u00e9n Zalaegerszeg legexkluz\u00edvabb coworking irod\u00e1j\u00e1ba. Csak v\u00e1laszd ki a megfelel\u0151 id\u0151pontot sz\u00e1modra, amikor szeretn\u00e9l j\u00f6nni!\",\"breadcrumb\":{\"@id\":\"https:\/\/pontzalaegerszeg.com\/?page_id=1228#breadcrumb\"},\"inLanguage\":\"en-US\",\"potentialAction\":[{\"@type\":\"ReadAction\",\"target\":[\"https:\/\/pontzalaegerszeg.com\/?page_id=1228\"]}]},{\"@type\":\"BreadcrumbList\",\"@id\":\"https:\/\/pontzalaegerszeg.com\/?page_id=1228#breadcrumb\",\"itemListElement\":[{\"@type\":\"ListItem\",\"position\":1,\"name\":\"Home\",\"item\":\"https:\/\/pontzalaegerszeg.com\/\"},{\"@type\":\"ListItem\",\"position\":2,\"name\":\"Foglal\u00e1s\"}]},{\"@type\":\"WebSite\",\"@id\":\"https:\/\/pontzalaegerszeg.com\/#website\",\"url\":\"https:\/\/pontzalaegerszeg.com\/\",\"name\":\"Coworking Zalaegerszeg - PONT.\",\"description\":\"\u201cC\u00e9lunk, hogy egy megfelel\u0151 es megfizethet\u0151 munka k\u00f6r\u00fclm\u00e9nyeket teremt\u0151 kompakt k\u00f6z\u00f6ss\u00e9gi iroda legy\u00fcnk, amely n\u00f6veli a v\u00e1llalkoz\u00f3i kedvet, valamint kreat\u00edv gondolkod\u00e1sra es az innov\u00e1ci\u00f3 el\u0151mozd\u00edt\u00e1s\u00e1ra \u00f6szt\u00f6n\u00f6z. Vagyis, hogy a PONT. a munka otthona legyen.\u201d\",\"publisher\":{\"@id\":\"https:\/\/pontzalaegerszeg.com\/#organization\"},\"potentialAction\":[{\"@type\":\"SearchAction\",\"target\":{\"@type\":\"EntryPoint\",\"urlTemplate\":\"https:\/\/pontzalaegerszeg.com\/?s={search_term_string}\"},\"query-input\":{\"@type\":\"PropertyValueSpecification\",\"valueRequired\":true,\"valueName\":\"search_term_string\"}}],\"inLanguage\":\"en-US\"},{\"@type\":\"Organization\",\"@id\":\"https:\/\/pontzalaegerszeg.com\/#organization\",\"name\":\"Coworking Zalaegerszeg - PONT.\",\"url\":\"https:\/\/pontzalaegerszeg.com\/\",\"logo\":{\"@type\":\"ImageObject\",\"inLanguage\":\"en-US\",\"@id\":\"https:\/\/pontzalaegerszeg.com\/#\/schema\/logo\/image\/\",\"url\":\"https:\/\/pontzalaegerszeg.com\/wp-content\/uploads\/2023\/10\/cropped-logo_sz_poz-1.png\",\"contentUrl\":\"https:\/\/pontzalaegerszeg.com\/wp-content\/uploads\/2023\/10\/cropped-logo_sz_poz-1.png\",\"width\":1387,\"height\":1387,\"caption\":\"Coworking Zalaegerszeg - PONT.\"},\"image\":{\"@id\":\"https:\/\/pontzalaegerszeg.com\/#\/schema\/logo\/image\/\"}}]}<\/script>\n<!-- \/ Yoast SEO plugin. -->","yoast_head_json":{"title":"Foglal\u00e1s - Coworking Zalaegerszeg - PONT.","description":"Foglalj \u00e9s fizess online k\u00f6nnyed\u00e9n Zalaegerszeg legexkluz\u00edvabb coworking irod\u00e1j\u00e1ba. Csak v\u00e1laszd ki a megfelel\u0151 id\u0151pontot sz\u00e1modra, amikor szeretn\u00e9l j\u00f6nni!","robots":{"index":"index","follow":"follow","max-snippet":"max-snippet:-1","max-image-preview":"max-image-preview:large","max-video-preview":"max-video-preview:-1"},"canonical":"https:\/\/pontzalaegerszeg.com\/?page_id=1228","og_locale":"en_US","og_type":"article","og_title":"Foglal\u00e1s - Coworking Zalaegerszeg - PONT.","og_description":"Foglalj \u00e9s fizess online k\u00f6nnyed\u00e9n Zalaegerszeg legexkluz\u00edvabb coworking irod\u00e1j\u00e1ba. Csak v\u00e1laszd ki a megfelel\u0151 id\u0151pontot sz\u00e1modra, amikor szeretn\u00e9l j\u00f6nni!","og_url":"https:\/\/pontzalaegerszeg.com\/?page_id=1228","og_site_name":"Coworking Zalaegerszeg - PONT.","article_modified_time":"2025-05-19T18:43:19+00:00","twitter_card":"summary_large_image","twitter_misc":{"Est. reading time":"1 minute"},"schema":{"@context":"https:\/\/schema.org","@graph":[{"@type":"WebPage","@id":"https:\/\/pontzalaegerszeg.com\/?page_id=1228","url":"https:\/\/pontzalaegerszeg.com\/?page_id=1228","name":"Foglal\u00e1s - Coworking Zalaegerszeg - PONT.","isPartOf":{"@id":"https:\/\/pontzalaegerszeg.com\/#website"},"datePublished":"2022-04-25T18:16:55+00:00","dateModified":"2025-05-19T18:43:19+00:00","description":"Foglalj \u00e9s fizess online k\u00f6nnyed\u00e9n Zalaegerszeg legexkluz\u00edvabb coworking irod\u00e1j\u00e1ba. Csak v\u00e1laszd ki a megfelel\u0151 id\u0151pontot sz\u00e1modra, amikor szeretn\u00e9l j\u00f6nni!","breadcrumb":{"@id":"https:\/\/pontzalaegerszeg.com\/?page_id=1228#breadcrumb"},"inLanguage":"en-US","potentialAction":[{"@type":"ReadAction","target":["https:\/\/pontzalaegerszeg.com\/?page_id=1228"]}]},{"@type":"BreadcrumbList","@id":"https:\/\/pontzalaegerszeg.com\/?page_id=1228#breadcrumb","itemListElement":[{"@type":"ListItem","position":1,"name":"Home","item":"https:\/\/pontzalaegerszeg.com\/"},{"@type":"ListItem","position":2,"name":"Foglal\u00e1s"}]},{"@type":"WebSite","@id":"https:\/\/pontzalaegerszeg.com\/#website","url":"https:\/\/pontzalaegerszeg.com\/","name":"Coworking Zalaegerszeg - PONT.","description":"\u201cC\u00e9lunk, hogy egy megfelel\u0151 es megfizethet\u0151 munka k\u00f6r\u00fclm\u00e9nyeket teremt\u0151 kompakt k\u00f6z\u00f6ss\u00e9gi iroda legy\u00fcnk, amely n\u00f6veli a v\u00e1llalkoz\u00f3i kedvet, valamint kreat\u00edv gondolkod\u00e1sra es az innov\u00e1ci\u00f3 el\u0151mozd\u00edt\u00e1s\u00e1ra \u00f6szt\u00f6n\u00f6z. Vagyis, hogy a PONT. a munka otthona legyen.\u201d","publisher":{"@id":"https:\/\/pontzalaegerszeg.com\/#organization"},"potentialAction":[{"@type":"SearchAction","target":{"@type":"EntryPoint","urlTemplate":"https:\/\/pontzalaegerszeg.com\/?s={search_term_string}"},"query-input":{"@type":"PropertyValueSpecification","valueRequired":true,"valueName":"search_term_string"}}],"inLanguage":"en-US"},{"@type":"Organization","@id":"https:\/\/pontzalaegerszeg.com\/#organization","name":"Coworking Zalaegerszeg - PONT.","url":"https:\/\/pontzalaegerszeg.com\/","logo":{"@type":"ImageObject","inLanguage":"en-US","@id":"https:\/\/pontzalaegerszeg.com\/#\/schema\/logo\/image\/","url":"https:\/\/pontzalaegerszeg.com\/wp-content\/uploads\/2023\/10\/cropped-logo_sz_poz-1.png","contentUrl":"https:\/\/pontzalaegerszeg.com\/wp-content\/uploads\/2023\/10\/cropped-logo_sz_poz-1.png","width":1387,"height":1387,"caption":"Coworking Zalaegerszeg - PONT."},"image":{"@id":"https:\/\/pontzalaegerszeg.com\/#\/schema\/logo\/image\/"}}]}},"_links":{"self":[{"href":"https:\/\/pontzalaegerszeg.com\/index.php?rest_route=\/wp\/v2\/pages\/1228","targetHints":{"allow":["GET"]}}],"collection":[{"href":"https:\/\/pontzalaegerszeg.com\/index.php?rest_route=\/wp\/v2\/pages"}],"about":[{"href":"https:\/\/pontzalaegerszeg.com\/index.php?rest_route=\/wp\/v2\/types\/page"}],"author":[{"embeddable":true,"href":"https:\/\/pontzalaegerszeg.com\/index.php?rest_route=\/wp\/v2\/users\/1"}],"replies":[{"embeddable":true,"href":"https:\/\/pontzalaegerszeg.com\/index.php?rest_route=%2Fwp%2Fv2%2Fcomments&post=1228"}],"version-history":[{"count":93,"href":"https:\/\/pontzalaegerszeg.com\/index.php?rest_route=\/wp\/v2\/pages\/1228\/revisions"}],"predecessor-version":[{"id":1987,"href":"https:\/\/pontzalaegerszeg.com\/index.php?rest_route=\/wp\/v2\/pages\/1228\/revisions\/1987"}],"wp:attachment":[{"href":"https:\/\/pontzalaegerszeg.com\/index.php?rest_route=%2Fwp%2Fv2%2Fmedia&parent=1228"}],"curies":[{"name":"wp","href":"https:\/\/api.w.org\/{rel}","templated":true}]}}